{"id":12,"date":"2025-11-10T09:56:54","date_gmt":"2025-11-10T09:56:54","guid":{"rendered":"https:\/\/talleresdeherauto.rkinformatika.online\/?page_id=12"},"modified":"2025-12-02T16:49:45","modified_gmt":"2025-12-02T16:49:45","slug":"inicio","status":"publish","type":"page","link":"https:\/\/talleresdeherauto.com\/ca\/","title":{"rendered":"Inici"},"content":{"rendered":"<div data-elementor-type=\"wp-page\" data-elementor-id=\"12\" class=\"elementor elementor-12\" data-elementor-post-type=\"page\">\n\t\t\t\t<div class=\"elementor-element elementor-element-1ff305d e-flex e-con-boxed e-con e-parent\" data-id=\"1ff305d\" data-element_type=\"container\" data-e-type=\"container\" data-settings=\"{&quot;background_background&quot;:&quot;classic&quot;}\">\n\t\t\t\t\t<div class=\"e-con-inner\">\n\t\t\t\t<div class=\"elementor-element elementor-element-9ede31f animated-slow elementor-invisible elementor-widget elementor-widget-heading\" data-id=\"9ede31f\" data-element_type=\"widget\" data-e-type=\"widget\" data-settings=\"{&quot;_animation&quot;:&quot;slideInUp&quot;}\" data-widget_type=\"heading.default\">\n\t\t\t\t\t<h2 class=\"elementor-heading-title elementor-size-default\">rapidesa, transpar\u00e8ncia i professionalitat a cada servei.<\/h2>\t\t\t\t<\/div>\n\t\t\t\t\t<\/div>\n\t\t\t\t<\/div>\n\t\t<div class=\"elementor-element elementor-element-9adf244 e-flex e-con-boxed elementor-invisible e-con e-parent\" data-id=\"9adf244\" data-element_type=\"container\" data-e-type=\"container\" data-settings=\"{&quot;animation&quot;:&quot;zoomIn&quot;}\">\n\t\t\t\t\t<div class=\"e-con-inner\">\n\t\t<div class=\"elementor-element elementor-element-2d29658 e-con-full e-flex elementor-invisible e-con e-child\" data-id=\"2d29658\" data-element_type=\"container\" data-e-type=\"container\" data-settings=\"{&quot;animation&quot;:&quot;fadeInRight&quot;}\">\n\t\t\t\t<div class=\"elementor-element elementor-element-3322090 elementor-widget elementor-widget-heading\" data-id=\"3322090\" data-element_type=\"widget\" data-e-type=\"widget\" data-widget_type=\"heading.default\">\n\t\t\t\t\t<h2 class=\"elementor-heading-title elementor-size-default\">Sobre nosaltres<\/h2>\t\t\t\t<\/div>\n\t\t\t\t<div class=\"elementor-element elementor-element-523ad49 elementor-widget elementor-widget-text-editor\" data-id=\"523ad49\" data-element_type=\"widget\" data-e-type=\"widget\" data-widget_type=\"text-editor.default\">\n\t\t\t\t\t\t\t\t\t<p>Som un taller mec\u00e0nic a Barcelona oferint serveis de manteniment, reparaci\u00f3 i diagnosi per a tot tipus de vehicles. El nostre equip est\u00e0 format per professionals qualificats que combinen l\u00b4atenci\u00f3 personalitzada amb la tecnologia m\u00e9s avan\u00e7ada en mec\u00e0nica, electricitat, pneum\u00e0tics i electr\u00f2nica de l\u00b4autom\u00f2bil.<br \/>Ens caracteritzem per la transpar\u00e8ncia, la rapidesa i la confian\u00e7a, valors que ens han perm\u00e8s fidelitzar els nostres clients.<\/p>\t\t\t\t\t\t\t\t<\/div>\n\t\t\t\t<\/div>\n\t\t<div class=\"elementor-element elementor-element-9a39d1f e-con-full e-flex elementor-invisible e-con e-child\" data-id=\"9a39d1f\" data-element_type=\"container\" data-e-type=\"container\" data-settings=\"{&quot;animation&quot;:&quot;fadeInRight&quot;,&quot;animation_tablet&quot;:&quot;fadeIn&quot;}\">\n\t\t\t\t<div class=\"elementor-element elementor-element-b8fffc7 elementor-widget elementor-widget-image\" data-id=\"b8fffc7\" data-element_type=\"widget\" data-e-type=\"widget\" data-widget_type=\"image.default\">\n\t\t\t\t\t\t\t\t\t\t\t\t\t\t\t<img fetchpriority=\"high\" decoding=\"async\" width=\"1500\" height=\"1000\" src=\"https:\/\/talleresdeherauto.com\/wp-content\/uploads\/2025\/11\/7231688.jpg\" class=\"attachment-full size-full wp-image-89\" alt=\"\" srcset=\"https:\/\/talleresdeherauto.com\/wp-content\/uploads\/2025\/11\/7231688.jpg 1500w, https:\/\/talleresdeherauto.com\/wp-content\/uploads\/2025\/11\/7231688-300x200.jpg 300w, https:\/\/talleresdeherauto.com\/wp-content\/uploads\/2025\/11\/7231688-1024x683.jpg 1024w, https:\/\/talleresdeherauto.com\/wp-content\/uploads\/2025\/11\/7231688-768x512.jpg 768w, https:\/\/talleresdeherauto.com\/wp-content\/uploads\/2025\/11\/7231688-18x12.jpg 18w\" sizes=\"(max-width: 1500px) 100vw, 1500px\" \/>\t\t\t\t\t\t\t\t\t\t\t\t\t\t\t<\/div>\n\t\t\t\t<\/div>\n\t\t\t\t\t<\/div>\n\t\t\t\t<\/div>\n\t\t<div class=\"elementor-element elementor-element-2330104 e-flex e-con-boxed elementor-invisible e-con e-parent\" data-id=\"2330104\" data-element_type=\"container\" data-e-type=\"container\" data-settings=\"{&quot;background_background&quot;:&quot;classic&quot;,&quot;animation&quot;:&quot;fadeInDown&quot;}\">\n\t\t\t\t\t<div class=\"e-con-inner\">\n\t\t\t\t<div class=\"elementor-element elementor-element-853d089 elementor-widget elementor-widget-heading\" data-id=\"853d089\" data-element_type=\"widget\" data-e-type=\"widget\" data-widget_type=\"heading.default\">\n\t\t\t\t\t<h2 class=\"elementor-heading-title elementor-size-default\">Manteniment i reparaci\u00f3 amb confian\u00e7a i professionalitat.<\/h2>\t\t\t\t<\/div>\n\t\t\t\t<div class=\"elementor-element elementor-element-77031c4 elementor-widget elementor-widget-button\" data-id=\"77031c4\" data-element_type=\"widget\" data-e-type=\"widget\" data-widget_type=\"button.default\">\n\t\t\t\t\t\t\t\t\t\t<a class=\"elementor-button elementor-button-link elementor-size-sm\" href=\"https:\/\/talleresdeherauto.com\/ca\/servicios\/\">\n\t\t\t\t\t\t<span class=\"elementor-button-content-wrapper\">\n\t\t\t\t\t\t\t\t\t<span class=\"elementor-button-text\">Serveis<\/span>\n\t\t\t\t\t<\/span>\n\t\t\t\t\t<\/a>\n\t\t\t\t\t\t\t\t<\/div>\n\t\t\t\t\t<\/div>\n\t\t\t\t<\/div>\n\t\t\t\t<\/div>","protected":false},"excerpt":{"rendered":"<p>rapidez, transparencia y profesionalidad en cada servicio. Sobre nosotros Somos un taller mec\u00e1nico en Barcelona ofreciendo servicios de mantenimiento, reparaci\u00f3n y diagnosis para todo tipo de veh\u00edculos. Nuestro equipo est\u00e1 formado por profesionales cualificados que combinan la atenci\u00f3n personalizada con la tecnolog\u00eda m\u00e1s avanzada en mec\u00e1nica, electricidad, neum\u00e1ticos y electr\u00f3nica del autom\u00f3vil.Nos caracterizamos por la [&hellip;]<\/p>\n","protected":false},"author":1,"featured_media":0,"parent":0,"menu_order":0,"comment_status":"closed","ping_status":"closed","template":"elementor_canvas","meta":{"footnotes":""},"class_list":["post-12","page","type-page","status-publish","hentry"],"yoast_head":"<!-- This site is optimized with the Yoast SEO plugin v27.5 - https:\/\/yoast.com\/product\/yoast-seo-wordpress\/ -->\n<title>Inicio - Talleres Deher Auto<\/title>\n<meta name=\"robots\" content=\"index, follow, max-snippet:-1, max-image-preview:large, max-video-preview:-1\" \/>\n<link rel=\"canonical\" href=\"https:\/\/talleresdeherauto.com\/ca\/\" \/>\n<meta property=\"og:locale\" content=\"ca_ES\" \/>\n<meta property=\"og:type\" content=\"article\" \/>\n<meta property=\"og:title\" content=\"Inicio - Talleres Deher Auto\" \/>\n<meta property=\"og:description\" content=\"rapidez, transparencia y profesionalidad en cada servicio. Sobre nosotros Somos un taller mec\u00e1nico en Barcelona ofreciendo servicios de mantenimiento, reparaci\u00f3n y diagnosis para todo tipo de veh\u00edculos. Nuestro equipo est\u00e1 formado por profesionales cualificados que combinan la atenci\u00f3n personalizada con la tecnolog\u00eda m\u00e1s avanzada en mec\u00e1nica, electricidad, neum\u00e1ticos y electr\u00f3nica del autom\u00f3vil.Nos caracterizamos por la [&hellip;]\" \/>\n<meta property=\"og:url\" content=\"https:\/\/talleresdeherauto.com\/ca\/\" \/>\n<meta property=\"og:site_name\" content=\"Talleres Deher Auto\" \/>\n<meta property=\"article:modified_time\" content=\"2025-12-02T16:49:45+00:00\" \/>\n<meta property=\"og:image\" content=\"https:\/\/talleresdeherauto.com\/wp-content\/uploads\/2025\/11\/7231688.jpg\" \/>\n\t<meta property=\"og:image:width\" content=\"1500\" \/>\n\t<meta property=\"og:image:height\" content=\"1000\" \/>\n\t<meta property=\"og:image:type\" content=\"image\/jpeg\" \/>\n<meta name=\"twitter:card\" content=\"summary_large_image\" \/>\n<meta name=\"twitter:label1\" content=\"Temps estimat de lectura\" \/>\n\t<meta name=\"twitter:data1\" content=\"1 minut\" \/>\n<script type=\"application\/ld+json\" class=\"yoast-schema-graph\">{\"@context\":\"https:\\\/\\\/schema.org\",\"@graph\":[{\"@type\":\"WebPage\",\"@id\":\"https:\\\/\\\/talleresdeherauto.com\\\/\",\"url\":\"https:\\\/\\\/talleresdeherauto.com\\\/\",\"name\":\"Inicio - Talleres Deher Auto\",\"isPartOf\":{\"@id\":\"https:\\\/\\\/talleresdeherauto.com\\\/#website\"},\"primaryImageOfPage\":{\"@id\":\"https:\\\/\\\/talleresdeherauto.com\\\/#primaryimage\"},\"image\":{\"@id\":\"https:\\\/\\\/talleresdeherauto.com\\\/#primaryimage\"},\"thumbnailUrl\":\"https:\\\/\\\/talleresdeherauto.com\\\/wp-content\\\/uploads\\\/2025\\\/11\\\/7231688.jpg\",\"datePublished\":\"2025-11-10T09:56:54+00:00\",\"dateModified\":\"2025-12-02T16:49:45+00:00\",\"breadcrumb\":{\"@id\":\"https:\\\/\\\/talleresdeherauto.com\\\/#breadcrumb\"},\"inLanguage\":\"ca\",\"potentialAction\":[{\"@type\":\"ReadAction\",\"target\":[\"https:\\\/\\\/talleresdeherauto.com\\\/\"]}]},{\"@type\":\"ImageObject\",\"inLanguage\":\"ca\",\"@id\":\"https:\\\/\\\/talleresdeherauto.com\\\/#primaryimage\",\"url\":\"https:\\\/\\\/talleresdeherauto.com\\\/wp-content\\\/uploads\\\/2025\\\/11\\\/7231688.jpg\",\"contentUrl\":\"https:\\\/\\\/talleresdeherauto.com\\\/wp-content\\\/uploads\\\/2025\\\/11\\\/7231688.jpg\"},{\"@type\":\"BreadcrumbList\",\"@id\":\"https:\\\/\\\/talleresdeherauto.com\\\/#breadcrumb\",\"itemListElement\":[{\"@type\":\"ListItem\",\"position\":1,\"name\":\"Portada\",\"item\":\"https:\\\/\\\/talleresdeherauto.com\\\/\"},{\"@type\":\"ListItem\",\"position\":2,\"name\":\"Inicio\"}]},{\"@type\":\"WebSite\",\"@id\":\"https:\\\/\\\/talleresdeherauto.com\\\/#website\",\"url\":\"https:\\\/\\\/talleresdeherauto.com\\\/\",\"name\":\"Talleres Deher Auto\",\"description\":\"\",\"publisher\":{\"@id\":\"https:\\\/\\\/talleresdeherauto.com\\\/#organization\"},\"potentialAction\":[{\"@type\":\"SearchAction\",\"target\":{\"@type\":\"EntryPoint\",\"urlTemplate\":\"https:\\\/\\\/talleresdeherauto.com\\\/?s={search_term_string}\"},\"query-input\":{\"@type\":\"PropertyValueSpecification\",\"valueRequired\":true,\"valueName\":\"search_term_string\"}}],\"inLanguage\":\"ca\"},{\"@type\":\"Organization\",\"@id\":\"https:\\\/\\\/talleresdeherauto.com\\\/#organization\",\"name\":\"Talleres Deher Auto\",\"url\":\"https:\\\/\\\/talleresdeherauto.com\\\/\",\"logo\":{\"@type\":\"ImageObject\",\"inLanguage\":\"ca\",\"@id\":\"https:\\\/\\\/talleresdeherauto.com\\\/#\\\/schema\\\/logo\\\/image\\\/\",\"url\":\"https:\\\/\\\/talleresdeherauto.com\\\/wp-content\\\/uploads\\\/2025\\\/11\\\/cropped-talleresdeherauto202510_logo_web.png\",\"contentUrl\":\"https:\\\/\\\/talleresdeherauto.com\\\/wp-content\\\/uploads\\\/2025\\\/11\\\/cropped-talleresdeherauto202510_logo_web.png\",\"width\":1080,\"height\":1080,\"caption\":\"Talleres Deher Auto\"},\"image\":{\"@id\":\"https:\\\/\\\/talleresdeherauto.com\\\/#\\\/schema\\\/logo\\\/image\\\/\"}}]}<\/script>\n<!-- \/ Yoast SEO plugin. -->","yoast_head_json":{"title":"Inicio - Talleres Deher Auto","robots":{"index":"index","follow":"follow","max-snippet":"max-snippet:-1","max-image-preview":"max-image-preview:large","max-video-preview":"max-video-preview:-1"},"canonical":"https:\/\/talleresdeherauto.com\/ca\/","og_locale":"ca_ES","og_type":"article","og_title":"Inicio - Talleres Deher Auto","og_description":"rapidez, transparencia y profesionalidad en cada servicio. Sobre nosotros Somos un taller mec\u00e1nico en Barcelona ofreciendo servicios de mantenimiento, reparaci\u00f3n y diagnosis para todo tipo de veh\u00edculos. Nuestro equipo est\u00e1 formado por profesionales cualificados que combinan la atenci\u00f3n personalizada con la tecnolog\u00eda m\u00e1s avanzada en mec\u00e1nica, electricidad, neum\u00e1ticos y electr\u00f3nica del autom\u00f3vil.Nos caracterizamos por la [&hellip;]","og_url":"https:\/\/talleresdeherauto.com\/ca\/","og_site_name":"Talleres Deher Auto","article_modified_time":"2025-12-02T16:49:45+00:00","og_image":[{"width":1500,"height":1000,"url":"https:\/\/talleresdeherauto.com\/wp-content\/uploads\/2025\/11\/7231688.jpg","type":"image\/jpeg"}],"twitter_card":"summary_large_image","twitter_misc":{"Temps estimat de lectura":"1 minut"},"schema":{"@context":"https:\/\/schema.org","@graph":[{"@type":"WebPage","@id":"https:\/\/talleresdeherauto.com\/","url":"https:\/\/talleresdeherauto.com\/","name":"Inicio - Talleres Deher Auto","isPartOf":{"@id":"https:\/\/talleresdeherauto.com\/#website"},"primaryImageOfPage":{"@id":"https:\/\/talleresdeherauto.com\/#primaryimage"},"image":{"@id":"https:\/\/talleresdeherauto.com\/#primaryimage"},"thumbnailUrl":"https:\/\/talleresdeherauto.com\/wp-content\/uploads\/2025\/11\/7231688.jpg","datePublished":"2025-11-10T09:56:54+00:00","dateModified":"2025-12-02T16:49:45+00:00","breadcrumb":{"@id":"https:\/\/talleresdeherauto.com\/#breadcrumb"},"inLanguage":"ca","potentialAction":[{"@type":"ReadAction","target":["https:\/\/talleresdeherauto.com\/"]}]},{"@type":"ImageObject","inLanguage":"ca","@id":"https:\/\/talleresdeherauto.com\/#primaryimage","url":"https:\/\/talleresdeherauto.com\/wp-content\/uploads\/2025\/11\/7231688.jpg","contentUrl":"https:\/\/talleresdeherauto.com\/wp-content\/uploads\/2025\/11\/7231688.jpg"},{"@type":"BreadcrumbList","@id":"https:\/\/talleresdeherauto.com\/#breadcrumb","itemListElement":[{"@type":"ListItem","position":1,"name":"Portada","item":"https:\/\/talleresdeherauto.com\/"},{"@type":"ListItem","position":2,"name":"Inicio"}]},{"@type":"WebSite","@id":"https:\/\/talleresdeherauto.com\/#website","url":"https:\/\/talleresdeherauto.com\/","name":"Talleres Deher Auto","description":"","publisher":{"@id":"https:\/\/talleresdeherauto.com\/#organization"},"potentialAction":[{"@type":"SearchAction","target":{"@type":"EntryPoint","urlTemplate":"https:\/\/talleresdeherauto.com\/?s={search_term_string}"},"query-input":{"@type":"PropertyValueSpecification","valueRequired":true,"valueName":"search_term_string"}}],"inLanguage":"ca"},{"@type":"Organization","@id":"https:\/\/talleresdeherauto.com\/#organization","name":"Talleres Deher Auto","url":"https:\/\/talleresdeherauto.com\/","logo":{"@type":"ImageObject","inLanguage":"ca","@id":"https:\/\/talleresdeherauto.com\/#\/schema\/logo\/image\/","url":"https:\/\/talleresdeherauto.com\/wp-content\/uploads\/2025\/11\/cropped-talleresdeherauto202510_logo_web.png","contentUrl":"https:\/\/talleresdeherauto.com\/wp-content\/uploads\/2025\/11\/cropped-talleresdeherauto202510_logo_web.png","width":1080,"height":1080,"caption":"Talleres Deher Auto"},"image":{"@id":"https:\/\/talleresdeherauto.com\/#\/schema\/logo\/image\/"}}]}},"_links":{"self":[{"href":"https:\/\/talleresdeherauto.com\/ca\/wp-json\/wp\/v2\/pages\/12","targetHints":{"allow":["GET"]}}],"collection":[{"href":"https:\/\/talleresdeherauto.com\/ca\/wp-json\/wp\/v2\/pages"}],"about":[{"href":"https:\/\/talleresdeherauto.com\/ca\/wp-json\/wp\/v2\/types\/page"}],"author":[{"embeddable":true,"href":"https:\/\/talleresdeherauto.com\/ca\/wp-json\/wp\/v2\/users\/1"}],"replies":[{"embeddable":true,"href":"https:\/\/talleresdeherauto.com\/ca\/wp-json\/wp\/v2\/comments?post=12"}],"version-history":[{"count":82,"href":"https:\/\/talleresdeherauto.com\/ca\/wp-json\/wp\/v2\/pages\/12\/revisions"}],"predecessor-version":[{"id":379,"href":"https:\/\/talleresdeherauto.com\/ca\/wp-json\/wp\/v2\/pages\/12\/revisions\/379"}],"wp:attachment":[{"href":"https:\/\/talleresdeherauto.com\/ca\/wp-json\/wp\/v2\/media?parent=12"}],"curies":[{"name":"wp","href":"https:\/\/api.w.org\/{rel}","templated":true}]}}