{"id":15,"date":"2025-11-10T09:58:03","date_gmt":"2025-11-10T09:58:03","guid":{"rendered":"https:\/\/talleresdeherauto.rkinformatika.online\/?page_id=15"},"modified":"2025-11-27T16:14:53","modified_gmt":"2025-11-27T16:14:53","slug":"servicios","status":"publish","type":"page","link":"https:\/\/talleresdeherauto.com\/ca\/servicios\/","title":{"rendered":"Serveis"},"content":{"rendered":"<div data-elementor-type=\"wp-page\" data-elementor-id=\"15\" class=\"elementor elementor-15\" data-elementor-post-type=\"page\">\n\t\t\t\t<div class=\"elementor-element elementor-element-23f0d6d e-flex e-con-boxed e-con e-parent\" data-id=\"23f0d6d\" data-element_type=\"container\" data-e-type=\"container\" data-settings=\"{&quot;background_background&quot;:&quot;classic&quot;}\">\n\t\t\t\t\t<div class=\"e-con-inner\">\n\t\t\t\t<div class=\"elementor-element elementor-element-7e83a28 animated-slow elementor-invisible elementor-widget elementor-widget-heading\" data-id=\"7e83a28\" data-element_type=\"widget\" data-e-type=\"widget\" data-settings=\"{&quot;_animation&quot;:&quot;fadeInRight&quot;}\" data-widget_type=\"heading.default\">\n\t\t\t\t\t<h2 class=\"elementor-heading-title elementor-size-default\">Cuidamos cada detalle de tu veh\u00edculo con profesionalidad, rapidez y transparencia.<\/h2>\t\t\t\t<\/div>\n\t\t\t\t\t<\/div>\n\t\t\t\t<\/div>\n\t\t<div class=\"elementor-element elementor-element-63d5c07 e-flex e-con-boxed e-con e-parent\" data-id=\"63d5c07\" data-element_type=\"container\" data-e-type=\"container\">\n\t\t\t\t\t<div class=\"e-con-inner\">\n\t\t<div class=\"elementor-element elementor-element-07110f7 e-con-full e-flex elementor-invisible e-con e-child\" data-id=\"07110f7\" data-element_type=\"container\" data-e-type=\"container\" data-settings=\"{&quot;animation&quot;:&quot;fadeInRight&quot;}\">\n\t\t\t\t<div class=\"elementor-element elementor-element-5fc39e7 elementor-widget elementor-widget-image\" data-id=\"5fc39e7\" data-element_type=\"widget\" data-e-type=\"widget\" data-widget_type=\"image.default\">\n\t\t\t\t\t\t\t\t\t\t\t\t\t\t\t<img decoding=\"async\" src=\"https:\/\/talleresdeherauto.com\/wp-content\/uploads\/elementor\/thumbs\/30884837-rfbrnuzw386j3kfepvxiqkx31rt3db2u7s3beam4yo.jpg\" title=\"30884837\" alt=\"30884837\" loading=\"lazy\" \/>\t\t\t\t\t\t\t\t\t\t\t\t\t\t\t<\/div>\n\t\t\t\t<div class=\"elementor-element elementor-element-aa8b25e elementor-widget elementor-widget-heading\" data-id=\"aa8b25e\" data-element_type=\"widget\" data-e-type=\"widget\" data-widget_type=\"heading.default\">\n\t\t\t\t\t<h2 class=\"elementor-heading-title elementor-size-default\">Mec\u00e1nica General<\/h2>\t\t\t\t<\/div>\n\t\t\t\t<div class=\"elementor-element elementor-element-6a35d93 elementor-widget elementor-widget-text-editor\" data-id=\"6a35d93\" data-element_type=\"widget\" data-e-type=\"widget\" data-widget_type=\"text-editor.default\">\n\t\t\t\t\t\t\t\t\t<ul><li>Motores<\/li><li>Frenos<\/li><li>Suspensi\u00f3n<\/li><li>Embragues<\/li><li>Sistemas de distribuci\u00f3n<\/li><li>Revisiones peri\u00f3dicas y mantenimiento preventivo<\/li><\/ul>\t\t\t\t\t\t\t\t<\/div>\n\t\t\t\t<\/div>\n\t\t<div class=\"elementor-element elementor-element-b08fc0e e-con-full e-flex elementor-invisible e-con e-child\" data-id=\"b08fc0e\" data-element_type=\"container\" data-e-type=\"container\" data-settings=\"{&quot;animation&quot;:&quot;fadeInRight&quot;}\">\n\t\t\t\t<div class=\"elementor-element elementor-element-5defa30 elementor-widget elementor-widget-image\" data-id=\"5defa30\" data-element_type=\"widget\" data-e-type=\"widget\" data-widget_type=\"image.default\">\n\t\t\t\t\t\t\t\t\t\t\t\t\t\t\t<img decoding=\"async\" src=\"https:\/\/talleresdeherauto.com\/wp-content\/uploads\/elementor\/thumbs\/4090-rfbron71s994rvag584btdswvby3s86sbnnvslgbs0.jpg\" title=\"4090\" alt=\"4090\" loading=\"lazy\" \/>\t\t\t\t\t\t\t\t\t\t\t\t\t\t\t<\/div>\n\t\t\t\t<div class=\"elementor-element elementor-element-a13cf89 elementor-widget elementor-widget-heading\" data-id=\"a13cf89\" data-element_type=\"widget\" data-e-type=\"widget\" data-widget_type=\"heading.default\">\n\t\t\t\t\t<h2 class=\"elementor-heading-title elementor-size-default\">Diagnosis Electr\u00f3nica<\/h2>\t\t\t\t<\/div>\n\t\t\t\t<div class=\"elementor-element elementor-element-5f5ef54 elementor-widget elementor-widget-text-editor\" data-id=\"5f5ef54\" data-element_type=\"widget\" data-e-type=\"widget\" data-widget_type=\"text-editor.default\">\n\t\t\t\t\t\t\t\t\t<ul><li data-start=\"589\" data-end=\"618\">Lectura de c\u00f3digos de error<\/li><li data-start=\"589\" data-end=\"618\">Diagn\u00f3stico de motor y sistemas electr\u00f3nicos<\/li><li data-start=\"589\" data-end=\"618\">Reparaci\u00f3n de fallos electr\u00f3nicos y sensores<\/li><\/ul>\t\t\t\t\t\t\t\t<\/div>\n\t\t\t\t<\/div>\n\t\t<div class=\"elementor-element elementor-element-5fc82f4 e-con-full e-flex elementor-invisible e-con e-child\" data-id=\"5fc82f4\" data-element_type=\"container\" data-e-type=\"container\" data-settings=\"{&quot;animation&quot;:&quot;fadeInRight&quot;}\">\n\t\t\t\t<div class=\"elementor-element elementor-element-57aa04a elementor-widget elementor-widget-image\" data-id=\"57aa04a\" data-element_type=\"widget\" data-e-type=\"widget\" data-widget_type=\"image.default\">\n\t\t\t\t\t\t\t\t\t\t\t\t\t\t\t<img decoding=\"async\" src=\"https:\/\/talleresdeherauto.com\/wp-content\/uploads\/elementor\/thumbs\/21171571-rfbrqcak4hkrqitp8gj2tgdvhdkyojxc822fzkxqjk.jpg\" title=\"21171571\" alt=\"21171571\" loading=\"lazy\" \/>\t\t\t\t\t\t\t\t\t\t\t\t\t\t\t<\/div>\n\t\t\t\t<div class=\"elementor-element elementor-element-3a391e6 elementor-widget elementor-widget-heading\" data-id=\"3a391e6\" data-element_type=\"widget\" data-e-type=\"widget\" data-widget_type=\"heading.default\">\n\t\t\t\t\t<h2 class=\"elementor-heading-title elementor-size-default\">Cambio de Neum\u00e1ticos<\/h2>\t\t\t\t<\/div>\n\t\t\t\t<div class=\"elementor-element elementor-element-9a27a3e elementor-widget elementor-widget-text-editor\" data-id=\"9a27a3e\" data-element_type=\"widget\" data-e-type=\"widget\" data-widget_type=\"text-editor.default\">\n\t\t\t\t\t\t\t\t\t<ul><li data-start=\"814\" data-end=\"835\">Venta de neum\u00e1ticos<\/li><li data-start=\"814\" data-end=\"835\">Montaje y equilibrado<\/li><li data-start=\"814\" data-end=\"835\">Reparaci\u00f3n de pinchazos<\/li><li data-start=\"814\" data-end=\"835\">Asesoramiento seg\u00fan tipo de veh\u00edculo y uso<\/li><\/ul>\t\t\t\t\t\t\t\t<\/div>\n\t\t\t\t<\/div>\n\t\t\t\t\t<\/div>\n\t\t\t\t<\/div>\n\t\t<div class=\"elementor-element elementor-element-91b2e64 e-flex e-con-boxed e-con e-parent\" data-id=\"91b2e64\" data-element_type=\"container\" data-e-type=\"container\">\n\t\t\t\t\t<div class=\"e-con-inner\">\n\t\t<div class=\"elementor-element elementor-element-ee67901 e-con-full e-flex elementor-invisible e-con e-child\" data-id=\"ee67901\" data-element_type=\"container\" data-e-type=\"container\" data-settings=\"{&quot;animation&quot;:&quot;fadeInRight&quot;}\">\n\t\t\t\t<div class=\"elementor-element elementor-element-552d485 elementor-widget elementor-widget-image\" data-id=\"552d485\" data-element_type=\"widget\" data-e-type=\"widget\" data-widget_type=\"image.default\">\n\t\t\t\t\t\t\t\t\t\t\t\t\t\t\t<img decoding=\"async\" src=\"https:\/\/talleresdeherauto.com\/wp-content\/uploads\/elementor\/thumbs\/30884837-rfbrnuzw386j3kfepvxiqkx31rt3db2u7s3beam4yo.jpg\" title=\"30884837\" alt=\"30884837\" loading=\"lazy\" \/>\t\t\t\t\t\t\t\t\t\t\t\t\t\t\t<\/div>\n\t\t\t\t<div class=\"elementor-element elementor-element-d9f87cc elementor-widget elementor-widget-heading\" data-id=\"d9f87cc\" data-element_type=\"widget\" data-e-type=\"widget\" data-widget_type=\"heading.default\">\n\t\t\t\t\t<h2 class=\"elementor-heading-title elementor-size-default\">Revisiones pre-ITV<\/h2>\t\t\t\t<\/div>\n\t\t\t\t<div class=\"elementor-element elementor-element-de2a76a elementor-widget elementor-widget-text-editor\" data-id=\"de2a76a\" data-element_type=\"widget\" data-e-type=\"widget\" data-widget_type=\"text-editor.default\">\n\t\t\t\t\t\t\t\t\t<ul><li data-start=\"1038\" data-end=\"1067\">Revisi\u00f3n completa del coche<\/li><li data-start=\"1038\" data-end=\"1067\">Correcci\u00f3n de fallos detectados<\/li><li data-start=\"1038\" data-end=\"1067\">Informe previo para asegurar el aprobado en la ITV<\/li><\/ul>\t\t\t\t\t\t\t\t<\/div>\n\t\t\t\t<\/div>\n\t\t<div class=\"elementor-element elementor-element-de8355b e-con-full e-flex elementor-invisible e-con e-child\" data-id=\"de8355b\" data-element_type=\"container\" data-e-type=\"container\" data-settings=\"{&quot;animation&quot;:&quot;fadeInRight&quot;}\">\n\t\t\t\t<div class=\"elementor-element elementor-element-5e83ccb elementor-widget elementor-widget-image\" data-id=\"5e83ccb\" data-element_type=\"widget\" data-e-type=\"widget\" data-widget_type=\"image.default\">\n\t\t\t\t\t\t\t\t\t\t\t\t\t\t\t<img decoding=\"async\" src=\"https:\/\/talleresdeherauto.com\/wp-content\/uploads\/elementor\/thumbs\/4090-rfbron71s994rvag584btdswvby3s86sbnnvslgbs0.jpg\" title=\"4090\" alt=\"4090\" loading=\"lazy\" \/>\t\t\t\t\t\t\t\t\t\t\t\t\t\t\t<\/div>\n\t\t\t\t<div class=\"elementor-element elementor-element-027c950 elementor-widget elementor-widget-heading\" data-id=\"027c950\" data-element_type=\"widget\" data-e-type=\"widget\" data-widget_type=\"heading.default\">\n\t\t\t\t\t<h2 class=\"elementor-heading-title elementor-size-default\">Electricidad del Autom\u00f3vil<\/h2>\t\t\t\t<\/div>\n\t\t\t\t<div class=\"elementor-element elementor-element-f4b9f75 elementor-widget elementor-widget-text-editor\" data-id=\"f4b9f75\" data-element_type=\"widget\" data-e-type=\"widget\" data-widget_type=\"text-editor.default\">\n\t\t\t\t\t\t\t\t\t<ul><li data-start=\"1275\" data-end=\"1300\">Alternadores y bater\u00edas<\/li><li data-start=\"1275\" data-end=\"1300\">Luces y faros<\/li><li data-start=\"1275\" data-end=\"1300\">Cierres centralizados y ventanas el\u00e9ctricas<\/li><li data-start=\"1275\" data-end=\"1300\">Otros sistemas el\u00e9ctricos del veh\u00edculo<\/li><\/ul>\t\t\t\t\t\t\t\t<\/div>\n\t\t\t\t<\/div>\n\t\t<div class=\"elementor-element elementor-element-39a9e99 e-con-full e-flex elementor-invisible e-con e-child\" data-id=\"39a9e99\" data-element_type=\"container\" data-e-type=\"container\" data-settings=\"{&quot;animation&quot;:&quot;fadeInRight&quot;}\">\n\t\t\t\t<div class=\"elementor-element elementor-element-71ae677 elementor-widget elementor-widget-image\" data-id=\"71ae677\" data-element_type=\"widget\" data-e-type=\"widget\" data-widget_type=\"image.default\">\n\t\t\t\t\t\t\t\t\t\t\t\t\t\t\t<img decoding=\"async\" src=\"https:\/\/talleresdeherauto.com\/wp-content\/uploads\/elementor\/thumbs\/21171571-rfbrqcak4hkrqitp8gj2tgdvhdkyojxc822fzkxqjk.jpg\" title=\"21171571\" alt=\"21171571\" loading=\"lazy\" \/>\t\t\t\t\t\t\t\t\t\t\t\t\t\t\t<\/div>\n\t\t\t\t<div class=\"elementor-element elementor-element-92c2b7b elementor-widget elementor-widget-heading\" data-id=\"92c2b7b\" data-element_type=\"widget\" data-e-type=\"widget\" data-widget_type=\"heading.default\">\n\t\t\t\t\t<h2 class=\"elementor-heading-title elementor-size-default\">Aire Acondicionado<\/h2>\t\t\t\t<\/div>\n\t\t\t\t<div class=\"elementor-element elementor-element-cb88225 elementor-widget elementor-widget-text-editor\" data-id=\"cb88225\" data-element_type=\"widget\" data-e-type=\"widget\" data-widget_type=\"text-editor.default\">\n\t\t\t\t\t\t\t\t\t<ul><li data-start=\"1510\" data-end=\"1537\">Carga de gas refrigerante<\/li><li data-start=\"1510\" data-end=\"1537\">Reparaci\u00f3n de fugas<\/li><li data-start=\"1510\" data-end=\"1537\">Revisi\u00f3n completa del sistema de aire acondicionado<\/li><\/ul>\t\t\t\t\t\t\t\t<\/div>\n\t\t\t\t<\/div>\n\t\t\t\t\t<\/div>\n\t\t\t\t<\/div>\n\t\t<div class=\"elementor-element elementor-element-391d9d7 e-con-full e-flex elementor-invisible e-con e-parent\" data-id=\"391d9d7\" data-element_type=\"container\" data-e-type=\"container\" data-settings=\"{&quot;background_background&quot;:&quot;classic&quot;,&quot;animation&quot;:&quot;fadeInDown&quot;}\">\n\t\t\t\t<div class=\"elementor-element elementor-element-6909b93 elementor-widget elementor-widget-heading\" data-id=\"6909b93\" data-element_type=\"widget\" data-e-type=\"widget\" data-widget_type=\"heading.default\">\n\t\t\t\t\t<h2 class=\"elementor-heading-title elementor-size-default\">profesionalidad, rapidez y transparencia<\/h2>\t\t\t\t<\/div>\n\t\t\t\t<div class=\"elementor-element elementor-element-085622b elementor-widget elementor-widget-button\" data-id=\"085622b\" data-element_type=\"widget\" data-e-type=\"widget\" data-widget_type=\"button.default\">\n\t\t\t\t\t\t\t\t\t\t<a class=\"elementor-button elementor-button-link elementor-size-sm\" href=\"https:\/\/talleresdeherauto.com\/ca\/contacto\/\">\n\t\t\t\t\t\t<span class=\"elementor-button-content-wrapper\">\n\t\t\t\t\t\t\t\t\t<span class=\"elementor-button-text\">Contacte<\/span>\n\t\t\t\t\t<\/span>\n\t\t\t\t\t<\/a>\n\t\t\t\t\t\t\t\t<\/div>\n\t\t\t\t<\/div>\n\t\t\t\t<\/div>","protected":false},"excerpt":{"rendered":"<p>Cuidamos cada detalle de tu veh\u00edculo con profesionalidad, rapidez y transparencia. Mec\u00e1nica General Motores Frenos Suspensi\u00f3n Embragues Sistemas de distribuci\u00f3n Revisiones peri\u00f3dicas y mantenimiento preventivo Diagnosis Electr\u00f3nica Lectura de c\u00f3digos de error Diagn\u00f3stico de motor y sistemas electr\u00f3nicos Reparaci\u00f3n de fallos electr\u00f3nicos y sensores Cambio de Neum\u00e1ticos Venta de neum\u00e1ticos Montaje y equilibrado Reparaci\u00f3n de [&hellip;]<\/p>\n","protected":false},"author":1,"featured_media":0,"parent":0,"menu_order":0,"comment_status":"closed","ping_status":"closed","template":"elementor_canvas","meta":{"footnotes":""},"class_list":["post-15","page","type-page","status-publish","hentry"],"yoast_head":"<!-- This site is optimized with the Yoast SEO plugin v27.5 - https:\/\/yoast.com\/product\/yoast-seo-wordpress\/ -->\n<title>Servicios - Talleres Deher Auto<\/title>\n<meta name=\"robots\" content=\"index, follow, max-snippet:-1, max-image-preview:large, max-video-preview:-1\" \/>\n<link rel=\"canonical\" href=\"https:\/\/talleresdeherauto.com\/ca\/servicios\/\" \/>\n<meta property=\"og:locale\" content=\"ca_ES\" \/>\n<meta property=\"og:type\" content=\"article\" \/>\n<meta property=\"og:title\" content=\"Servicios - Talleres Deher Auto\" \/>\n<meta property=\"og:description\" content=\"Cuidamos cada detalle de tu veh\u00edculo con profesionalidad, rapidez y transparencia. Mec\u00e1nica General Motores Frenos Suspensi\u00f3n Embragues Sistemas de distribuci\u00f3n Revisiones peri\u00f3dicas y mantenimiento preventivo Diagnosis Electr\u00f3nica Lectura de c\u00f3digos de error Diagn\u00f3stico de motor y sistemas electr\u00f3nicos Reparaci\u00f3n de fallos electr\u00f3nicos y sensores Cambio de Neum\u00e1ticos Venta de neum\u00e1ticos Montaje y equilibrado Reparaci\u00f3n de [&hellip;]\" \/>\n<meta property=\"og:url\" content=\"https:\/\/talleresdeherauto.com\/ca\/servicios\/\" \/>\n<meta property=\"og:site_name\" content=\"Talleres Deher Auto\" \/>\n<meta property=\"article:modified_time\" content=\"2025-11-27T16:14:53+00:00\" \/>\n<meta property=\"og:image\" content=\"https:\/\/talleresdeherauto.com\/wp-content\/uploads\/elementor\/thumbs\/30884837-rfbrnuzw386j3kfepvxiqkx31rt3db2u7s3beam4yo.jpg\" \/>\n<meta name=\"twitter:card\" content=\"summary_large_image\" \/>\n<meta name=\"twitter:label1\" content=\"Temps estimat de lectura\" \/>\n\t<meta name=\"twitter:data1\" content=\"1 minut\" \/>\n<script type=\"application\/ld+json\" class=\"yoast-schema-graph\">{\"@context\":\"https:\\\/\\\/schema.org\",\"@graph\":[{\"@type\":\"WebPage\",\"@id\":\"https:\\\/\\\/talleresdeherauto.com\\\/servicios\\\/\",\"url\":\"https:\\\/\\\/talleresdeherauto.com\\\/servicios\\\/\",\"name\":\"Servicios - Talleres Deher Auto\",\"isPartOf\":{\"@id\":\"https:\\\/\\\/talleresdeherauto.com\\\/#website\"},\"primaryImageOfPage\":{\"@id\":\"https:\\\/\\\/talleresdeherauto.com\\\/servicios\\\/#primaryimage\"},\"image\":{\"@id\":\"https:\\\/\\\/talleresdeherauto.com\\\/servicios\\\/#primaryimage\"},\"thumbnailUrl\":\"https:\\\/\\\/talleresdeherauto.com\\\/wp-content\\\/uploads\\\/elementor\\\/thumbs\\\/30884837-rfbrnuzw386j3kfepvxiqkx31rt3db2u7s3beam4yo.jpg\",\"datePublished\":\"2025-11-10T09:58:03+00:00\",\"dateModified\":\"2025-11-27T16:14:53+00:00\",\"breadcrumb\":{\"@id\":\"https:\\\/\\\/talleresdeherauto.com\\\/servicios\\\/#breadcrumb\"},\"inLanguage\":\"ca\",\"potentialAction\":[{\"@type\":\"ReadAction\",\"target\":[\"https:\\\/\\\/talleresdeherauto.com\\\/servicios\\\/\"]}]},{\"@type\":\"ImageObject\",\"inLanguage\":\"ca\",\"@id\":\"https:\\\/\\\/talleresdeherauto.com\\\/servicios\\\/#primaryimage\",\"url\":\"https:\\\/\\\/talleresdeherauto.com\\\/wp-content\\\/uploads\\\/elementor\\\/thumbs\\\/30884837-rfbrnuzw386j3kfepvxiqkx31rt3db2u7s3beam4yo.jpg\",\"contentUrl\":\"https:\\\/\\\/talleresdeherauto.com\\\/wp-content\\\/uploads\\\/elementor\\\/thumbs\\\/30884837-rfbrnuzw386j3kfepvxiqkx31rt3db2u7s3beam4yo.jpg\"},{\"@type\":\"BreadcrumbList\",\"@id\":\"https:\\\/\\\/talleresdeherauto.com\\\/servicios\\\/#breadcrumb\",\"itemListElement\":[{\"@type\":\"ListItem\",\"position\":1,\"name\":\"Portada\",\"item\":\"https:\\\/\\\/talleresdeherauto.com\\\/\"},{\"@type\":\"ListItem\",\"position\":2,\"name\":\"Servicios\"}]},{\"@type\":\"WebSite\",\"@id\":\"https:\\\/\\\/talleresdeherauto.com\\\/#website\",\"url\":\"https:\\\/\\\/talleresdeherauto.com\\\/\",\"name\":\"Talleres Deher Auto\",\"description\":\"\",\"publisher\":{\"@id\":\"https:\\\/\\\/talleresdeherauto.com\\\/#organization\"},\"potentialAction\":[{\"@type\":\"SearchAction\",\"target\":{\"@type\":\"EntryPoint\",\"urlTemplate\":\"https:\\\/\\\/talleresdeherauto.com\\\/?s={search_term_string}\"},\"query-input\":{\"@type\":\"PropertyValueSpecification\",\"valueRequired\":true,\"valueName\":\"search_term_string\"}}],\"inLanguage\":\"ca\"},{\"@type\":\"Organization\",\"@id\":\"https:\\\/\\\/talleresdeherauto.com\\\/#organization\",\"name\":\"Talleres Deher Auto\",\"url\":\"https:\\\/\\\/talleresdeherauto.com\\\/\",\"logo\":{\"@type\":\"ImageObject\",\"inLanguage\":\"ca\",\"@id\":\"https:\\\/\\\/talleresdeherauto.com\\\/#\\\/schema\\\/logo\\\/image\\\/\",\"url\":\"https:\\\/\\\/talleresdeherauto.com\\\/wp-content\\\/uploads\\\/2025\\\/11\\\/cropped-talleresdeherauto202510_logo_web.png\",\"contentUrl\":\"https:\\\/\\\/talleresdeherauto.com\\\/wp-content\\\/uploads\\\/2025\\\/11\\\/cropped-talleresdeherauto202510_logo_web.png\",\"width\":1080,\"height\":1080,\"caption\":\"Talleres Deher Auto\"},\"image\":{\"@id\":\"https:\\\/\\\/talleresdeherauto.com\\\/#\\\/schema\\\/logo\\\/image\\\/\"}}]}<\/script>\n<!-- \/ Yoast SEO plugin. -->","yoast_head_json":{"title":"Servicios - Talleres Deher Auto","robots":{"index":"index","follow":"follow","max-snippet":"max-snippet:-1","max-image-preview":"max-image-preview:large","max-video-preview":"max-video-preview:-1"},"canonical":"https:\/\/talleresdeherauto.com\/ca\/servicios\/","og_locale":"ca_ES","og_type":"article","og_title":"Servicios - Talleres Deher Auto","og_description":"Cuidamos cada detalle de tu veh\u00edculo con profesionalidad, rapidez y transparencia. Mec\u00e1nica General Motores Frenos Suspensi\u00f3n Embragues Sistemas de distribuci\u00f3n Revisiones peri\u00f3dicas y mantenimiento preventivo Diagnosis Electr\u00f3nica Lectura de c\u00f3digos de error Diagn\u00f3stico de motor y sistemas electr\u00f3nicos Reparaci\u00f3n de fallos electr\u00f3nicos y sensores Cambio de Neum\u00e1ticos Venta de neum\u00e1ticos Montaje y equilibrado Reparaci\u00f3n de [&hellip;]","og_url":"https:\/\/talleresdeherauto.com\/ca\/servicios\/","og_site_name":"Talleres Deher Auto","article_modified_time":"2025-11-27T16:14:53+00:00","og_image":[{"url":"https:\/\/talleresdeherauto.com\/wp-content\/uploads\/elementor\/thumbs\/30884837-rfbrnuzw386j3kfepvxiqkx31rt3db2u7s3beam4yo.jpg","type":"","width":"","height":""}],"twitter_card":"summary_large_image","twitter_misc":{"Temps estimat de lectura":"1 minut"},"schema":{"@context":"https:\/\/schema.org","@graph":[{"@type":"WebPage","@id":"https:\/\/talleresdeherauto.com\/servicios\/","url":"https:\/\/talleresdeherauto.com\/servicios\/","name":"Servicios - Talleres Deher Auto","isPartOf":{"@id":"https:\/\/talleresdeherauto.com\/#website"},"primaryImageOfPage":{"@id":"https:\/\/talleresdeherauto.com\/servicios\/#primaryimage"},"image":{"@id":"https:\/\/talleresdeherauto.com\/servicios\/#primaryimage"},"thumbnailUrl":"https:\/\/talleresdeherauto.com\/wp-content\/uploads\/elementor\/thumbs\/30884837-rfbrnuzw386j3kfepvxiqkx31rt3db2u7s3beam4yo.jpg","datePublished":"2025-11-10T09:58:03+00:00","dateModified":"2025-11-27T16:14:53+00:00","breadcrumb":{"@id":"https:\/\/talleresdeherauto.com\/servicios\/#breadcrumb"},"inLanguage":"ca","potentialAction":[{"@type":"ReadAction","target":["https:\/\/talleresdeherauto.com\/servicios\/"]}]},{"@type":"ImageObject","inLanguage":"ca","@id":"https:\/\/talleresdeherauto.com\/servicios\/#primaryimage","url":"https:\/\/talleresdeherauto.com\/wp-content\/uploads\/elementor\/thumbs\/30884837-rfbrnuzw386j3kfepvxiqkx31rt3db2u7s3beam4yo.jpg","contentUrl":"https:\/\/talleresdeherauto.com\/wp-content\/uploads\/elementor\/thumbs\/30884837-rfbrnuzw386j3kfepvxiqkx31rt3db2u7s3beam4yo.jpg"},{"@type":"BreadcrumbList","@id":"https:\/\/talleresdeherauto.com\/servicios\/#breadcrumb","itemListElement":[{"@type":"ListItem","position":1,"name":"Portada","item":"https:\/\/talleresdeherauto.com\/"},{"@type":"ListItem","position":2,"name":"Servicios"}]},{"@type":"WebSite","@id":"https:\/\/talleresdeherauto.com\/#website","url":"https:\/\/talleresdeherauto.com\/","name":"Talleres Deher Auto","description":"","publisher":{"@id":"https:\/\/talleresdeherauto.com\/#organization"},"potentialAction":[{"@type":"SearchAction","target":{"@type":"EntryPoint","urlTemplate":"https:\/\/talleresdeherauto.com\/?s={search_term_string}"},"query-input":{"@type":"PropertyValueSpecification","valueRequired":true,"valueName":"search_term_string"}}],"inLanguage":"ca"},{"@type":"Organization","@id":"https:\/\/talleresdeherauto.com\/#organization","name":"Talleres Deher Auto","url":"https:\/\/talleresdeherauto.com\/","logo":{"@type":"ImageObject","inLanguage":"ca","@id":"https:\/\/talleresdeherauto.com\/#\/schema\/logo\/image\/","url":"https:\/\/talleresdeherauto.com\/wp-content\/uploads\/2025\/11\/cropped-talleresdeherauto202510_logo_web.png","contentUrl":"https:\/\/talleresdeherauto.com\/wp-content\/uploads\/2025\/11\/cropped-talleresdeherauto202510_logo_web.png","width":1080,"height":1080,"caption":"Talleres Deher Auto"},"image":{"@id":"https:\/\/talleresdeherauto.com\/#\/schema\/logo\/image\/"}}]}},"_links":{"self":[{"href":"https:\/\/talleresdeherauto.com\/ca\/wp-json\/wp\/v2\/pages\/15","targetHints":{"allow":["GET"]}}],"collection":[{"href":"https:\/\/talleresdeherauto.com\/ca\/wp-json\/wp\/v2\/pages"}],"about":[{"href":"https:\/\/talleresdeherauto.com\/ca\/wp-json\/wp\/v2\/types\/page"}],"author":[{"embeddable":true,"href":"https:\/\/talleresdeherauto.com\/ca\/wp-json\/wp\/v2\/users\/1"}],"replies":[{"embeddable":true,"href":"https:\/\/talleresdeherauto.com\/ca\/wp-json\/wp\/v2\/comments?post=15"}],"version-history":[{"count":94,"href":"https:\/\/talleresdeherauto.com\/ca\/wp-json\/wp\/v2\/pages\/15\/revisions"}],"predecessor-version":[{"id":356,"href":"https:\/\/talleresdeherauto.com\/ca\/wp-json\/wp\/v2\/pages\/15\/revisions\/356"}],"wp:attachment":[{"href":"https:\/\/talleresdeherauto.com\/ca\/wp-json\/wp\/v2\/media?parent=15"}],"curies":[{"name":"wp","href":"https:\/\/api.w.org\/{rel}","templated":true}]}}